{"id":36,"date":"2013-07-01T14:28:47","date_gmt":"2013-07-01T14:28:47","guid":{"rendered":"http:\/\/www.gijonesadeconstruccion.es\/?page_id=36"},"modified":"2014-10-23T16:12:16","modified_gmt":"2014-10-23T16:12:16","slug":"quienes-somos","status":"publish","type":"page","link":"https:\/\/www.gijonesadeconstruccion.es\/?page_id=36","title":{"rendered":"Quienes somos"},"content":{"rendered":"<p><b>GIJONESA DE CONSTRUCCION S.L.\u00a0<\/b>cuenta con una gran experiencia en Construcci\u00f3n de uso p\u00fablico y privado, desarrollando funciones de mantenimiento permanente y puntual, ajustando el servicio a las necesidades de nuestros clientes, creando paquetes a medida con los que logramos ser muy competitivos, manteniendo la calidad que nos caracteriza. Tambi\u00e9n contamos con una larga experiencia en el mantenimiento Industrial, llevando a cabo todas las gestiones y trabajos necesarios para mantener en perfecto estado de conservaci\u00f3n los viarios, aceras, se\u00f1alizaci\u00f3n vertical y horizontal, alumbrado, zonas ajardinadas, etc.<\/p>\n<p>&nbsp;<\/p>\n<ul>\n<li><span style=\"font-size: 16px;\">Construcci\u00f3n de<\/span> chalets<span style=\"font-size: 16px;\">, viviendas unifamiliares y r\u00fasticas.\u00a0<\/span><\/li>\n<li>Reformas parciales e integrales de pisos<\/li>\n<li>Instalaci\u00f3n comercial<\/li>\n<li>Industria<\/li>\n<li>Interiorismo<\/li>\n<\/ul>\n<p>&nbsp;<\/p>\n<p>Gracias a nuestra experiencia de\u00a0<b>m\u00e1s de 30 a\u00f1os en el sector<\/b>, sabemos que es lo realmente importante a la hora de construir una vivienda.<\/p>\n<p>&nbsp;<\/p>\n<p>Conf\u00ede la construcci\u00f3n o renovaci\u00f3n de su hogar a\u00a0<b>Gijonesa de Construcci\u00f3n<\/b>, quedar\u00e1 totalmente satisfecho.<!--[endif]--><\/p>\n<p><!--[endif]--><\/p>\n<p>&nbsp;<\/p>\n<p>&nbsp;<\/p>\n","protected":false},"excerpt":{"rendered":"<p>GIJONESA DE CONSTRUCCION S.L.\u00a0cuenta con una gran experiencia en Construcci\u00f3n de uso p\u00fablico y privado, desarrollando funciones de mantenimiento permanente y puntual, ajustando el servicio a las necesidades de nuestros clientes, creando paquetes a medida con los que logramos ser muy competitivos, manteniendo la calidad que nos caracteriza. Tambi\u00e9n contamos con una larga experiencia en &hellip; <\/p>\n<p class=\"link-more\"><a href=\"https:\/\/www.gijonesadeconstruccion.es\/?page_id=36\" class=\"more-link\">Continuar leyendo<span class=\"screen-reader-text\"> \u00abQuienes somos\u00bb<\/span><\/a><\/p>\n","protected":false},"author":1,"featured_media":0,"parent":0,"menu_order":0,"comment_status":"closed","ping_status":"closed","template":"","meta":{"footnotes":""},"class_list":["post-36","page","type-page","status-publish","hentry"],"_links":{"self":[{"href":"https:\/\/www.gijonesadeconstruccion.es\/index.php?rest_route=\/wp\/v2\/pages\/36","targetHints":{"allow":["GET"]}}],"collection":[{"href":"https:\/\/www.gijonesadeconstruccion.es\/index.php?rest_route=\/wp\/v2\/pages"}],"about":[{"href":"https:\/\/www.gijonesadeconstruccion.es\/index.php?rest_route=\/wp\/v2\/types\/page"}],"author":[{"embeddable":true,"href":"https:\/\/www.gijonesadeconstruccion.es\/index.php?rest_route=\/wp\/v2\/users\/1"}],"replies":[{"embeddable":true,"href":"https:\/\/www.gijonesadeconstruccion.es\/index.php?rest_route=%2Fwp%2Fv2%2Fcomments&post=36"}],"version-history":[{"count":11,"href":"https:\/\/www.gijonesadeconstruccion.es\/index.php?rest_route=\/wp\/v2\/pages\/36\/revisions"}],"predecessor-version":[{"id":39,"href":"https:\/\/www.gijonesadeconstruccion.es\/index.php?rest_route=\/wp\/v2\/pages\/36\/revisions\/39"}],"wp:attachment":[{"href":"https:\/\/www.gijonesadeconstruccion.es\/index.php?rest_route=%2Fwp%2Fv2%2Fmedia&parent=36"}],"curies":[{"name":"wp","href":"https:\/\/api.w.org\/{rel}","templated":true}]}}