{"id":44,"date":"2013-07-01T14:35:11","date_gmt":"2013-07-01T14:35:11","guid":{"rendered":"http:\/\/www.gijonesadeconstruccion.es\/?page_id=44"},"modified":"2018-08-08T07:52:42","modified_gmt":"2018-08-08T07:52:42","slug":"contacto","status":"publish","type":"page","link":"https:\/\/www.gijonesadeconstruccion.es\/?page_id=44","title":{"rendered":"Contacto"},"content":{"rendered":"<table border=\"0\" cellspacing=\"0\" cellpadding=\"0\">\n<tbody>\n<tr>\n<td valign=\"top\"><b>Direcci\u00f3n<\/b><\/td>\n<td valign=\"top\">GIJONESA DE CONSTRUCCION S.L.<br \/>\nsiglo xx\/26<br \/>\n33208 gijon<br \/>\nEspa\u00f1a<\/td>\n<\/tr>\n<tr>\n<td valign=\"top\"><b>Tel\u00e9fono<\/b><\/td>\n<td valign=\"top\">686976578<\/td>\n<\/tr>\n<tr>\n<td valign=\"top\"><b>Fax<\/b><\/td>\n<td valign=\"top\">985152372<\/td>\n<\/tr>\n<tr>\n<td valign=\"top\"><b>Persona de contacto<\/b><\/td>\n<td valign=\"top\">JOSE RAMON ALONSO<\/td>\n<\/tr>\n<tr>\n<td valign=\"top\"><b>Correo electr\u00f3nico<\/b><\/td>\n<td valign=\"top\"><a href=\"mailto:jr@gijonesadeconstruccion.es\">jr@gijonesadeconstruccion.es<\/a><\/p>\n<p><a href=\"mailto:omar@gijonesadeconstrucion.es\">omar@gijonesadeconstrucion.es<\/a><\/p>\n<p><a href=\"mailto:rgpd@gijonesadeconstruccion.es\">rgpd@gijonesadeconstruccion.es<\/a><\/td>\n<\/tr>\n<\/tbody>\n<\/table>\n","protected":false},"excerpt":{"rendered":"<p>Direcci\u00f3n GIJONESA DE CONSTRUCCION S.L. siglo xx\/26 33208 gijon Espa\u00f1a Tel\u00e9fono 686976578 Fax 985152372 Persona de contacto JOSE RAMON ALONSO Correo electr\u00f3nico jr@gijonesadeconstruccion.es omar@gijonesadeconstrucion.es rgpd@gijonesadeconstruccion.es<\/p>\n","protected":false},"author":1,"featured_media":0,"parent":0,"menu_order":1,"comment_status":"closed","ping_status":"closed","template":"","meta":{"footnotes":""},"class_list":["post-44","page","type-page","status-publish","hentry"],"_links":{"self":[{"href":"https:\/\/www.gijonesadeconstruccion.es\/index.php?rest_route=\/wp\/v2\/pages\/44","targetHints":{"allow":["GET"]}}],"collection":[{"href":"https:\/\/www.gijonesadeconstruccion.es\/index.php?rest_route=\/wp\/v2\/pages"}],"about":[{"href":"https:\/\/www.gijonesadeconstruccion.es\/index.php?rest_route=\/wp\/v2\/types\/page"}],"author":[{"embeddable":true,"href":"https:\/\/www.gijonesadeconstruccion.es\/index.php?rest_route=\/wp\/v2\/users\/1"}],"replies":[{"embeddable":true,"href":"https:\/\/www.gijonesadeconstruccion.es\/index.php?rest_route=%2Fwp%2Fv2%2Fcomments&post=44"}],"version-history":[{"count":7,"href":"https:\/\/www.gijonesadeconstruccion.es\/index.php?rest_route=\/wp\/v2\/pages\/44\/revisions"}],"predecessor-version":[{"id":154,"href":"https:\/\/www.gijonesadeconstruccion.es\/index.php?rest_route=\/wp\/v2\/pages\/44\/revisions\/154"}],"wp:attachment":[{"href":"https:\/\/www.gijonesadeconstruccion.es\/index.php?rest_route=%2Fwp%2Fv2%2Fmedia&parent=44"}],"curies":[{"name":"wp","href":"https:\/\/api.w.org\/{rel}","templated":true}]}}