{"id":54,"date":"2013-07-01T14:41:06","date_gmt":"2013-07-01T14:41:06","guid":{"rendered":"http:\/\/www.gijonesadeconstruccion.es\/?page_id=54"},"modified":"2014-10-23T16:15:50","modified_gmt":"2014-10-23T16:15:50","slug":"inicio","status":"publish","type":"page","link":"https:\/\/www.gijonesadeconstruccion.es\/","title":{"rendered":"Inicio"},"content":{"rendered":"<p><strong>Gijonesa de Construcci\u00f3n S.L.<\/strong><\/p>\n<p>Desde 1981<\/p>\n<p><span style=\"font-size: 16px;\">Empresa fundada en Gij\u00f3n el 16 de noviembre de 1981, con amplia experiencia en el sector y que abarca diferentes \u00e1mbitos relacionados con la construcci\u00f3n, desde peque\u00f1as reformas de viviendas hasta industria.<\/span><\/p>\n<p>Nuestra empresa, junto con otras empresas colaboradoras, forma un equipo que trabaja en plena armon\u00eda durante la ejecuci\u00f3n de la obra, aspecto muy importante para el buen hacer de los trabajos dejando satisfechos a nuestros clientes.<\/p>\n<p><b>El buen hacer, el orden, limpieza y nuestra antig\u00fcedad en el sector es la garant\u00eda que nos avalan.<\/b><\/p>\n<p><em>Todo en Construcci\u00f3n<\/em><\/p>\n<blockquote>\n<p style=\"display: inline !important;\"><span style=\"font-size: 16px;\">Reformas integrales de todo tipo de viviendas.<\/span><\/p>\n<p>Alicatados art\u00edsticos.<\/p>\n<p>Adecuaci\u00f3n de locales.<\/p>\n<p>Restauraci\u00f3n de hoteles<\/p>\n<p>Gran experiencia en Farmacias, perfumer\u00edas, confiter\u00edas, etc.<\/p>\n<p><span style=\"font-size: 16px;\">Reformas parciales e integrales de pisos<\/span><\/p><\/blockquote>\n<blockquote><p><span style=\"font-size: 16px;\">Instalaci\u00f3n comercial<\/span><\/p><\/blockquote>\n<blockquote><p>Industria<\/p><\/blockquote>\n<blockquote><p><span style=\"font-size: 16px;\">Interiorismo<\/span><\/p><\/blockquote>\n","protected":false},"excerpt":{"rendered":"<p>Gijonesa de Construcci\u00f3n S.L. Desde 1981 Empresa fundada en Gij\u00f3n el 16 de noviembre de 1981, con amplia experiencia en el sector y que abarca diferentes \u00e1mbitos relacionados con la construcci\u00f3n, desde peque\u00f1as reformas de viviendas hasta industria. Nuestra empresa, junto con otras empresas colaboradoras, forma un equipo que trabaja en plena armon\u00eda durante la &hellip; <\/p>\n<p class=\"link-more\"><a href=\"https:\/\/www.gijonesadeconstruccion.es\/\" class=\"more-link\">Continuar leyendo<span class=\"screen-reader-text\"> \u00abInicio\u00bb<\/span><\/a><\/p>\n","protected":false},"author":1,"featured_media":0,"parent":0,"menu_order":0,"comment_status":"closed","ping_status":"closed","template":"","meta":{"footnotes":""},"class_list":["post-54","page","type-page","status-publish","hentry"],"_links":{"self":[{"href":"https:\/\/www.gijonesadeconstruccion.es\/index.php?rest_route=\/wp\/v2\/pages\/54","targetHints":{"allow":["GET"]}}],"collection":[{"href":"https:\/\/www.gijonesadeconstruccion.es\/index.php?rest_route=\/wp\/v2\/pages"}],"about":[{"href":"https:\/\/www.gijonesadeconstruccion.es\/index.php?rest_route=\/wp\/v2\/types\/page"}],"author":[{"embeddable":true,"href":"https:\/\/www.gijonesadeconstruccion.es\/index.php?rest_route=\/wp\/v2\/users\/1"}],"replies":[{"embeddable":true,"href":"https:\/\/www.gijonesadeconstruccion.es\/index.php?rest_route=%2Fwp%2Fv2%2Fcomments&post=54"}],"version-history":[{"count":12,"href":"https:\/\/www.gijonesadeconstruccion.es\/index.php?rest_route=\/wp\/v2\/pages\/54\/revisions"}],"predecessor-version":[{"id":66,"href":"https:\/\/www.gijonesadeconstruccion.es\/index.php?rest_route=\/wp\/v2\/pages\/54\/revisions\/66"}],"wp:attachment":[{"href":"https:\/\/www.gijonesadeconstruccion.es\/index.php?rest_route=%2Fwp%2Fv2%2Fmedia&parent=54"}],"curies":[{"name":"wp","href":"https:\/\/api.w.org\/{rel}","templated":true}]}}